{"id":27,"date":"2025-06-25T13:47:01","date_gmt":"2025-06-25T13:47:01","guid":{"rendered":"https:\/\/leromansdeslunettes.fr\/index.php\/terms-of-use\/"},"modified":"2025-07-15T15:52:18","modified_gmt":"2025-07-15T13:52:18","slug":"mentions-legales","status":"publish","type":"page","link":"https:\/\/leromansdeslunettes.fr\/index.php\/mentions-legales\/","title":{"rendered":"Mentions l\u00e9gales"},"content":{"rendered":"\t\t<div data-elementor-type=\"wp-page\" data-elementor-id=\"27\" class=\"elementor elementor-27\" data-elementor-post-type=\"page\">\n\t\t\t\t<div class=\"elementor-element elementor-element-087af29 e-flex e-con-boxed e-con e-parent\" data-id=\"087af29\" data-element_type=\"container\" data-e-type=\"container\">\n\t\t\t\t\t<div class=\"e-con-inner\">\n\t\t\t\t\t<\/div>\n\t\t\t\t<\/div>\n\t\t<div class=\"elementor-element elementor-element-d8ac62b e-flex e-con-boxed e-con e-parent\" data-id=\"d8ac62b\" data-element_type=\"container\" data-e-type=\"container\">\n\t\t\t\t\t<div class=\"e-con-inner\">\n\t\t\t\t<div class=\"elementor-element elementor-element-d34c315 elementor-widget elementor-widget-text-editor\" data-id=\"d34c315\" data-element_type=\"widget\" data-e-type=\"widget\" data-widget_type=\"text-editor.default\">\n\t\t\t\t<div class=\"elementor-widget-container\">\n\t\t\t\t\t\t\t\t\t<h1>Mentions l\u00e9gales<\/h1><h2>\u00a0<\/h2><h2>1. \u00c9diteur du site<\/h2><p>Le site Le Romans des Lunettes est \u00e9dit\u00e9 par :<br \/><a href=\"https:\/\/leromansdeslunettes.fr\/\">Le Romans des Lunettes<\/a><\/p><ul><li>Adresse : 11 C\u00f4te des Cordeliers, 26100 Romans-sur-Is\u00e8re<\/li><li>T\u00e9l\u00e9phone : 04 75 48 27 47<\/li><li>Adresse email : <a href=\"mailto:contact@leromansdeslunettes.fr\">contact@leromansdeslunettes.fr<\/a><\/li><li>SIRET : 81333883700012<\/li><li>Directrice de la publication : <a href=\"http:\/\/www.hauler-web.com\">www.hauler-web.com<\/a><\/li><\/ul><h2>\u00a0<\/h2><h2>2. H\u00e9bergeur du site<\/h2><p>Le site est h\u00e9berg\u00e9 par :<\/p><ul><li>OVH<\/li><li>2 rue Kellermann, 59100 Roubaix, France<\/li><li>T\u00e9l\u00e9phone : 1007<\/li><li>Site : <a href=\"https:\/\/www.ovhcloud.com\">https:\/\/www.ovhcloud.com<\/a><\/li><\/ul><h2>\u00a0<\/h2><h2>3. Propri\u00e9t\u00e9 intellectuelle<\/h2><p>L&rsquo;ensemble des contenus pr\u00e9sents sur le site (textes, images, photos, vid\u00e9os, logos, ic\u00f4nes, mise en page&#8230;) sont la propri\u00e9t\u00e9 exclusive de Le Romans des Lunettes, sauf mentions contraires, et sont prot\u00e9g\u00e9s par le Code de la propri\u00e9t\u00e9 intellectuelle.<\/p><p>Toute reproduction, distribution, modification ou utilisation sans autorisation \u00e9crite pr\u00e9alable est strictement interdite.<\/p><h2>\u00a0<\/h2><h2>4. Donn\u00e9es personnelles<\/h2><p>Les donn\u00e9es personnelles collect\u00e9es via le site (formulaire de contact, prise de rendez-vous&#8230;) sont trait\u00e9es conform\u00e9ment \u00e0 notre <a href=\"https:\/\/leromansdeslunettes.fr\/index.php\/politique-de-confidentialite\/\">Politique de confidentialit\u00e9<\/a>.<\/p><p>Conform\u00e9ment au RGPD, vous disposez de droits sur vos donn\u00e9es : acc\u00e8s, rectification, suppression, limitation, opposition. Pour les exercer, contactez-nous \u00e0 l\u2019adresse :\u00a0<a href=\"mailto:contact@leromansdeslunettes.fr\">contact@leromansdeslunettes.fr<\/a><\/p><p>.<\/p><h2>5. Cookies<\/h2><p>Le site utilise des cookies pour am\u00e9liorer l\u2019exp\u00e9rience utilisateur et mesurer l\u2019audience. Lors de votre premi\u00e8re visite, un bandeau vous permet d\u2019accepter ou de refuser l\u2019utilisation des cookies.<\/p><p>Pour en savoir plus, consultez notre <a href=\"https:\/\/leromansdeslunettes.fr\/index.php\/politique-de-confidentialite\/\">Politique de confidentialit\u00e9<\/a>.<\/p><h2>6. Responsabilit\u00e9<\/h2><p>Nous nous effor\u00e7ons d\u2019assurer au mieux l\u2019exactitude des informations diffus\u00e9es sur le site. Toutefois, nous ne saurions \u00eatre tenus responsables d\u2019\u00e9ventuelles erreurs, omissions ou d\u2019une indisponibilit\u00e9 temporaire du service.<\/p>\t\t\t\t\t\t\t\t<\/div>\n\t\t\t\t<\/div>\n\t\t\t\t\t<\/div>\n\t\t\t\t<\/div>\n\t\t\t\t<\/div>\n\t\t","protected":false},"excerpt":{"rendered":"<p>Mentions l\u00e9gales \u00a0 1. \u00c9diteur du site Le site Le Romans des Lunettes est \u00e9dit\u00e9 par :Le Romans des Lunettes Adresse : 11 C\u00f4te des Cordeliers, 26100 Romans-sur-Is\u00e8re T\u00e9l\u00e9phone : 04 75 48 27 47 Adresse email : contact@leromansdeslunettes.fr SIRET : 81333883700012 Directrice de la publication : www.hauler-web.com \u00a0 2. H\u00e9bergeur du site Le site [&hellip;]<\/p>\n","protected":false},"author":1,"featured_media":0,"parent":0,"menu_order":0,"comment_status":"closed","ping_status":"closed","template":"elementor_header_footer","meta":{"footnotes":""},"class_list":["post-27","page","type-page","status-publish","hentry"],"yoast_head":"<!-- This site is optimized with the Yoast SEO plugin v27.5 - https:\/\/yoast.com\/product\/yoast-seo-wordpress\/ -->\n<title>Mentions l\u00e9gales - Le Romans des Lunettes<\/title>\n<meta name=\"robots\" content=\"noindex, follow\" \/>\n<meta property=\"og:locale\" content=\"fr_FR\" \/>\n<meta property=\"og:type\" content=\"article\" \/>\n<meta property=\"og:title\" content=\"Mentions l\u00e9gales - Le Romans des Lunettes\" \/>\n<meta property=\"og:description\" content=\"Mentions l\u00e9gales \u00a0 1. \u00c9diteur du site Le site Le Romans des Lunettes est \u00e9dit\u00e9 par :Le Romans des Lunettes Adresse : 11 C\u00f4te des Cordeliers, 26100 Romans-sur-Is\u00e8re T\u00e9l\u00e9phone : 04 75 48 27 47 Adresse email : contact@leromansdeslunettes.fr SIRET : 81333883700012 Directrice de la publication : www.hauler-web.com \u00a0 2. H\u00e9bergeur du site Le site [&hellip;]\" \/>\n<meta property=\"og:url\" content=\"https:\/\/leromansdeslunettes.fr\/index.php\/mentions-legales\/\" \/>\n<meta property=\"og:site_name\" content=\"Le Romans des Lunettes\" \/>\n<meta property=\"article:modified_time\" content=\"2025-07-15T13:52:18+00:00\" \/>\n<meta name=\"twitter:card\" content=\"summary_large_image\" \/>\n<meta name=\"twitter:label1\" content=\"Dur\u00e9e de lecture estim\u00e9e\" \/>\n\t<meta name=\"twitter:data1\" content=\"2 minutes\" \/>\n<script type=\"application\/ld+json\" class=\"yoast-schema-graph\">{\"@context\":\"https:\\\/\\\/schema.org\",\"@graph\":[{\"@type\":\"WebPage\",\"@id\":\"https:\\\/\\\/leromansdeslunettes.fr\\\/index.php\\\/mentions-legales\\\/\",\"url\":\"https:\\\/\\\/leromansdeslunettes.fr\\\/index.php\\\/mentions-legales\\\/\",\"name\":\"Mentions l\u00e9gales - Le Romans des Lunettes\",\"isPartOf\":{\"@id\":\"https:\\\/\\\/leromansdeslunettes.fr\\\/#website\"},\"datePublished\":\"2025-06-25T13:47:01+00:00\",\"dateModified\":\"2025-07-15T13:52:18+00:00\",\"breadcrumb\":{\"@id\":\"https:\\\/\\\/leromansdeslunettes.fr\\\/index.php\\\/mentions-legales\\\/#breadcrumb\"},\"inLanguage\":\"fr-FR\",\"potentialAction\":[{\"@type\":\"ReadAction\",\"target\":[\"https:\\\/\\\/leromansdeslunettes.fr\\\/index.php\\\/mentions-legales\\\/\"]}]},{\"@type\":\"BreadcrumbList\",\"@id\":\"https:\\\/\\\/leromansdeslunettes.fr\\\/index.php\\\/mentions-legales\\\/#breadcrumb\",\"itemListElement\":[{\"@type\":\"ListItem\",\"position\":1,\"name\":\"Home\",\"item\":\"https:\\\/\\\/leromansdeslunettes.fr\\\/\"},{\"@type\":\"ListItem\",\"position\":2,\"name\":\"Mentions l\u00e9gales\"}]},{\"@type\":\"WebSite\",\"@id\":\"https:\\\/\\\/leromansdeslunettes.fr\\\/#website\",\"url\":\"https:\\\/\\\/leromansdeslunettes.fr\\\/\",\"name\":\"Le Romans des Lunettes\",\"description\":\"Opticien ind\u00e9pendant \u00e0 Romans-sur-Is\u00e8re.\",\"publisher\":{\"@id\":\"https:\\\/\\\/leromansdeslunettes.fr\\\/#organization\"},\"potentialAction\":[{\"@type\":\"SearchAction\",\"target\":{\"@type\":\"EntryPoint\",\"urlTemplate\":\"https:\\\/\\\/leromansdeslunettes.fr\\\/?s={search_term_string}\"},\"query-input\":{\"@type\":\"PropertyValueSpecification\",\"valueRequired\":true,\"valueName\":\"search_term_string\"}}],\"inLanguage\":\"fr-FR\"},{\"@type\":\"Organization\",\"@id\":\"https:\\\/\\\/leromansdeslunettes.fr\\\/#organization\",\"name\":\"Le Romans des Lunettes\",\"url\":\"https:\\\/\\\/leromansdeslunettes.fr\\\/\",\"logo\":{\"@type\":\"ImageObject\",\"inLanguage\":\"fr-FR\",\"@id\":\"https:\\\/\\\/leromansdeslunettes.fr\\\/#\\\/schema\\\/logo\\\/image\\\/\",\"url\":\"https:\\\/\\\/leromansdeslunettes.fr\\\/wp-content\\\/uploads\\\/2025\\\/08\\\/Logo_Le-Romans-des-lunettes.png\",\"contentUrl\":\"https:\\\/\\\/leromansdeslunettes.fr\\\/wp-content\\\/uploads\\\/2025\\\/08\\\/Logo_Le-Romans-des-lunettes.png\",\"width\":450,\"height\":450,\"caption\":\"Le Romans des Lunettes\"},\"image\":{\"@id\":\"https:\\\/\\\/leromansdeslunettes.fr\\\/#\\\/schema\\\/logo\\\/image\\\/\"}}]}<\/script>\n<!-- \/ Yoast SEO plugin. -->","yoast_head_json":{"title":"Mentions l\u00e9gales - Le Romans des Lunettes","robots":{"index":"noindex","follow":"follow"},"og_locale":"fr_FR","og_type":"article","og_title":"Mentions l\u00e9gales - Le Romans des Lunettes","og_description":"Mentions l\u00e9gales \u00a0 1. \u00c9diteur du site Le site Le Romans des Lunettes est \u00e9dit\u00e9 par :Le Romans des Lunettes Adresse : 11 C\u00f4te des Cordeliers, 26100 Romans-sur-Is\u00e8re T\u00e9l\u00e9phone : 04 75 48 27 47 Adresse email : contact@leromansdeslunettes.fr SIRET : 81333883700012 Directrice de la publication : www.hauler-web.com \u00a0 2. H\u00e9bergeur du site Le site [&hellip;]","og_url":"https:\/\/leromansdeslunettes.fr\/index.php\/mentions-legales\/","og_site_name":"Le Romans des Lunettes","article_modified_time":"2025-07-15T13:52:18+00:00","twitter_card":"summary_large_image","twitter_misc":{"Dur\u00e9e de lecture estim\u00e9e":"2 minutes"},"schema":{"@context":"https:\/\/schema.org","@graph":[{"@type":"WebPage","@id":"https:\/\/leromansdeslunettes.fr\/index.php\/mentions-legales\/","url":"https:\/\/leromansdeslunettes.fr\/index.php\/mentions-legales\/","name":"Mentions l\u00e9gales - Le Romans des Lunettes","isPartOf":{"@id":"https:\/\/leromansdeslunettes.fr\/#website"},"datePublished":"2025-06-25T13:47:01+00:00","dateModified":"2025-07-15T13:52:18+00:00","breadcrumb":{"@id":"https:\/\/leromansdeslunettes.fr\/index.php\/mentions-legales\/#breadcrumb"},"inLanguage":"fr-FR","potentialAction":[{"@type":"ReadAction","target":["https:\/\/leromansdeslunettes.fr\/index.php\/mentions-legales\/"]}]},{"@type":"BreadcrumbList","@id":"https:\/\/leromansdeslunettes.fr\/index.php\/mentions-legales\/#breadcrumb","itemListElement":[{"@type":"ListItem","position":1,"name":"Home","item":"https:\/\/leromansdeslunettes.fr\/"},{"@type":"ListItem","position":2,"name":"Mentions l\u00e9gales"}]},{"@type":"WebSite","@id":"https:\/\/leromansdeslunettes.fr\/#website","url":"https:\/\/leromansdeslunettes.fr\/","name":"Le Romans des Lunettes","description":"Opticien ind\u00e9pendant \u00e0 Romans-sur-Is\u00e8re.","publisher":{"@id":"https:\/\/leromansdeslunettes.fr\/#organization"},"potentialAction":[{"@type":"SearchAction","target":{"@type":"EntryPoint","urlTemplate":"https:\/\/leromansdeslunettes.fr\/?s={search_term_string}"},"query-input":{"@type":"PropertyValueSpecification","valueRequired":true,"valueName":"search_term_string"}}],"inLanguage":"fr-FR"},{"@type":"Organization","@id":"https:\/\/leromansdeslunettes.fr\/#organization","name":"Le Romans des Lunettes","url":"https:\/\/leromansdeslunettes.fr\/","logo":{"@type":"ImageObject","inLanguage":"fr-FR","@id":"https:\/\/leromansdeslunettes.fr\/#\/schema\/logo\/image\/","url":"https:\/\/leromansdeslunettes.fr\/wp-content\/uploads\/2025\/08\/Logo_Le-Romans-des-lunettes.png","contentUrl":"https:\/\/leromansdeslunettes.fr\/wp-content\/uploads\/2025\/08\/Logo_Le-Romans-des-lunettes.png","width":450,"height":450,"caption":"Le Romans des Lunettes"},"image":{"@id":"https:\/\/leromansdeslunettes.fr\/#\/schema\/logo\/image\/"}}]}},"_links":{"self":[{"href":"https:\/\/leromansdeslunettes.fr\/index.php\/wp-json\/wp\/v2\/pages\/27","targetHints":{"allow":["GET"]}}],"collection":[{"href":"https:\/\/leromansdeslunettes.fr\/index.php\/wp-json\/wp\/v2\/pages"}],"about":[{"href":"https:\/\/leromansdeslunettes.fr\/index.php\/wp-json\/wp\/v2\/types\/page"}],"author":[{"embeddable":true,"href":"https:\/\/leromansdeslunettes.fr\/index.php\/wp-json\/wp\/v2\/users\/1"}],"replies":[{"embeddable":true,"href":"https:\/\/leromansdeslunettes.fr\/index.php\/wp-json\/wp\/v2\/comments?post=27"}],"version-history":[{"count":11,"href":"https:\/\/leromansdeslunettes.fr\/index.php\/wp-json\/wp\/v2\/pages\/27\/revisions"}],"predecessor-version":[{"id":733,"href":"https:\/\/leromansdeslunettes.fr\/index.php\/wp-json\/wp\/v2\/pages\/27\/revisions\/733"}],"wp:attachment":[{"href":"https:\/\/leromansdeslunettes.fr\/index.php\/wp-json\/wp\/v2\/media?parent=27"}],"curies":[{"name":"wp","href":"https:\/\/api.w.org\/{rel}","templated":true}]}}